{"id":9,"date":"2025-07-26T15:15:45","date_gmt":"2025-07-26T13:15:45","guid":{"rendered":"https:\/\/trendeuropa.eu\/?page_id=9"},"modified":"2025-07-26T15:51:33","modified_gmt":"2025-07-26T13:51:33","slug":"fundacja-trend-europa","status":"publish","type":"page","link":"https:\/\/trendeuropa.eu\/","title":{"rendered":"Fundacja Trend Europa"},"content":{"rendered":"\n<div class=\"wp-block-cover alignfull has-custom-content-position is-position-bottom-center\" style=\"border-width:10px;border-radius:100px;margin-top:0;margin-bottom:0;padding-top:var(--wp--preset--spacing--50);padding-right:var(--wp--preset--spacing--50);padding-bottom:var(--wp--preset--spacing--50);padding-left:var(--wp--preset--spacing--50);box-shadow:var(--wp--preset--shadow--crisp);min-height:840px;aspect-ratio:unset;\"><img loading=\"lazy\" decoding=\"async\" width=\"1600\" height=\"1067\" class=\"wp-block-cover__image-background wp-image-12 size-full\" alt=\"a bunch of flags that are flying in the air\" src=\"https:\/\/trendeuropa.eu\/wp-content\/uploads\/2025\/07\/kf3ty-k6nva.jpg\" data-object-fit=\"cover\" srcset=\"https:\/\/trendeuropa.eu\/wp-content\/uploads\/2025\/07\/kf3ty-k6nva.jpg 1600w, https:\/\/trendeuropa.eu\/wp-content\/uploads\/2025\/07\/kf3ty-k6nva-300x200.jpg 300w, https:\/\/trendeuropa.eu\/wp-content\/uploads\/2025\/07\/kf3ty-k6nva-1024x683.jpg 1024w, https:\/\/trendeuropa.eu\/wp-content\/uploads\/2025\/07\/kf3ty-k6nva-768x512.jpg 768w, https:\/\/trendeuropa.eu\/wp-content\/uploads\/2025\/07\/kf3ty-k6nva-1536x1024.jpg 1536w\" sizes=\"auto, (max-width: 1600px) 100vw, 1600px\" \/><span aria-hidden=\"true\" class=\"wp-block-cover__background has-background-dim-10 has-background-dim\"><\/span><div class=\"wp-block-cover__inner-container has-global-padding is-layout-constrained wp-container-core-cover-is-layout-d89aad35 wp-block-cover-is-layout-constrained\">\n<div class=\"wp-block-group alignwide has-global-padding is-content-justification-left is-layout-constrained wp-container-core-group-is-layout-12dd3699 wp-block-group-is-layout-constrained\">\n<h2 class=\"wp-block-heading has-text-align-left has-xx-large-font-size\">Cele Fundacji:<\/h2>\n\n\n\n<p class=\"has-contrast-color has-accent-5-background-color has-text-color has-background has-link-color has-large-font-size wp-elements-6a8e4fb30946757c407c3b7ff89dceb9\">Celem Fundacji jest prowadzenie dzia\u0142alno\u015bci spo\u0142ecznie u\u017cytecznej o charakterze publicznym w zakresie:<br><br>\ud83d\udfe2 badania zjawisk i proces\u00f3w zachodz\u0105cych w Europie i w jej otoczeniu;<br><br>\ud83d\udfe2 pobudzania i wspierania wsp\u00f3\u0142pracy politycznej, gospodarczej, energetycznej, kulturalnej i spo\u0142ecznej oraz wymiany wiedzy i do\u015bwiadcze\u0144 mi\u0119dzy pa\u0144stwami, instytucjami, regionami, wsp\u00f3lnotami i spo\u0142eczno\u015bciami lokalnymi Europy;<br><br>\ud83d\udfe2 pobudzania i wspierania wsp\u00f3\u0142pracy przedsi\u0119biorc\u00f3w, samorz\u0105dowc\u00f3w, naukowc\u00f3w;<br><br>\ud83d\udfe2 badania oraz popularyzacji nowych trend\u00f3w, zjawisk oraz technologii z dziedziny zr\u00f3wnowa\u017conego rozwoju, zw\u0142aszcza w zakresie energetyki;<br><br>\ud83d\udfe2 dzia\u0142alno\u015bci wspomagaj\u0105cej rozw\u00f3j gospodarczy, w tym rozw\u00f3j przedsi\u0119biorczo\u015bci;<br><br>\ud83d\udfe2 dzia\u0142alno\u015bci wspomagaj\u0105cej rozw\u00f3j techniki, wynalazczo\u015bci i innowacyjno\u015bci oraz rozpowszechnianie i wdra\u017canie nowych rozwi\u0105za\u0144 technicznych w praktyce gospodarczej;<br><br>\ud83d\udfe2 dzia\u0142alno\u015bci wspomagaj\u0105cej rozw\u00f3j wsp\u00f3lnot i spo\u0142eczno\u015bci lokalnych;<br><br>\ud83d\udfe2 dzia\u0142alno\u015bci na rzecz integracji europejskiej oraz rozwijania kontakt\u00f3w i wsp\u00f3\u0142pracy mi\u0119dzy spo\u0142ecze\u0144stwami.<\/p>\n\n\n\n<div class=\"wp-block-buttons is-layout-flex wp-block-buttons-is-layout-flex\"><\/div>\n<\/div>\n<\/div><\/div>\n\n\n\n<div class=\"wp-block-cover alignfull has-custom-content-position is-position-bottom-center\" style=\"border-width:10px;border-radius:100px;margin-top:var(--wp--preset--spacing--40);margin-bottom:var(--wp--preset--spacing--40);padding-top:var(--wp--preset--spacing--50);padding-right:var(--wp--preset--spacing--50);padding-bottom:var(--wp--preset--spacing--50);padding-left:var(--wp--preset--spacing--50);box-shadow:var(--wp--preset--shadow--crisp);min-height:840px;aspect-ratio:unset;\"><img loading=\"lazy\" decoding=\"async\" width=\"1280\" height=\"852\" class=\"wp-block-cover__image-background wp-image-17 size-full\" alt=\"event venue, auditorium, meeting, international conference, forum, conference, listener, audience, public, people, sit, watching, meeting, meeting, conference, conference, conference, conference, conference, audience\" src=\"https:\/\/trendeuropa.eu\/wp-content\/uploads\/2025\/07\/1597531.jpg\" data-object-fit=\"cover\" srcset=\"https:\/\/trendeuropa.eu\/wp-content\/uploads\/2025\/07\/1597531.jpg 1280w, https:\/\/trendeuropa.eu\/wp-content\/uploads\/2025\/07\/1597531-300x200.jpg 300w, https:\/\/trendeuropa.eu\/wp-content\/uploads\/2025\/07\/1597531-1024x682.jpg 1024w, https:\/\/trendeuropa.eu\/wp-content\/uploads\/2025\/07\/1597531-768x511.jpg 768w\" sizes=\"auto, (max-width: 1280px) 100vw, 1280px\" \/><span aria-hidden=\"true\" class=\"wp-block-cover__background has-background-dim-10 has-background-dim\"><\/span><div class=\"wp-block-cover__inner-container has-global-padding is-layout-constrained wp-container-core-cover-is-layout-f90dd25c wp-block-cover-is-layout-constrained\">\n<div class=\"wp-block-group alignwide has-global-padding is-content-justification-left is-layout-constrained wp-container-core-group-is-layout-12dd3699 wp-block-group-is-layout-constrained\">\n<h2 class=\"wp-block-heading has-text-align-left has-xx-large-font-size\">Dzia\u0142ania: <\/h2>\n\n\n\n<p class=\"has-text-align-left has-contrast-color has-accent-5-background-color has-text-color has-background has-link-color has-large-font-size wp-elements-08c3711db1912dc4c56547ebd4906b49\">Fundacja realizuje swoje cele przez:<br><br>\ud83d\udfe2 Prowadzenie interdyscyplinarnych bada\u0144;<br><br>\ud83d\udfe2 Dzia\u0142alno\u015b\u0107 publicystyczn\u0105 i edukacyjn\u0105;<br><br>\ud83d\udfe2 Organizacj\u0119 oraz uczestnictwo w spotkaniach, kongresach,<br>konferencjach, warsztatach oraz innych formach wymiany wiedzy i<br>do\u015bwiadcze\u0144;<br><br>\ud83d\udfe2 Organizacj\u0119 oraz uczestnictwo w mi\u0119dzynarodowych konsorcjach,<br>stowarzyszeniach i innych gremiach;<br><br>\ud83d\udfe2 Wsp\u00f3\u0142prac\u0119 z w\u0142adzami samorz\u0105dowymi, rz\u0105dowymi i organizacjami pozarz\u0105dowymi w zakresie wymienionym w celach statutowych.<\/p>\n\n\n\n<div class=\"wp-block-buttons is-layout-flex wp-block-buttons-is-layout-flex\"><\/div>\n<\/div>\n<\/div><\/div>\n\n\n\n<div class=\"wp-block-group alignfull has-global-padding is-layout-constrained wp-container-core-group-is-layout-08655630 wp-block-group-is-layout-constrained\" style=\"border-width:10px;border-radius:100px;margin-top:0;margin-bottom:0;padding-top:var(--wp--preset--spacing--80);padding-bottom:var(--wp--preset--spacing--80);box-shadow:var(--wp--preset--shadow--crisp)\">\n<div class=\"wp-block-group alignwide is-layout-flow wp-block-group-is-layout-flow\">\n<p class=\"has-text-align-center is-style-text-display is-style-text-display--1\" style=\"font-style:normal;font-weight:400\">Masz pytania? <\/p>\n\n\n\n<div style=\"height:var(--wp--preset--spacing--40)\" aria-hidden=\"true\" class=\"wp-block-spacer\"><\/div>\n\n\n<style id=\"wpforms-css-vars-20\">\n\t\t\t\t#wpforms-20 {\n\t\t\t\t\n\t\t\t}\n\t\t\t<\/style><div class=\"wpforms-container wpforms-container-full wpforms-render-modern\" id=\"wpforms-20\"><form id=\"wpforms-form-20\" class=\"wpforms-validate wpforms-form wpforms-ajax-form\" data-formid=\"20\" method=\"post\" enctype=\"multipart\/form-data\" action=\"\/index.php?rest_route=%2Fwp%2Fv2%2Fpages%2F9\" data-token=\"f524f8b6ad65840d3b730ad31b3c8788\" data-token-time=\"1776502494\"><noscript class=\"wpforms-error-noscript\">Please enable JavaScript in your browser to complete this form.<\/noscript><div id=\"wpforms-error-noscript\" style=\"display: none;\">Please enable JavaScript in your browser to complete this form.<\/div><div class=\"wpforms-field-container\">\t\t<div id=\"wpforms-20-field_4-container\"\n\t\t\tclass=\"wpforms-field wpforms-field-text\"\n\t\t\tdata-field-type=\"text\"\n\t\t\tdata-field-id=\"4\"\n\t\t\t>\n\t\t\t<label class=\"wpforms-field-label\" for=\"wpforms-20-field_4\" >Wiadomo\u015b\u0107 e-mail Imi\u0119<\/label>\n\t\t\t<input type=\"text\" id=\"wpforms-20-field_4\" class=\"wpforms-field-medium\" name=\"wpforms[fields][4]\" >\n\t\t<\/div>\n\t\t<div id=\"wpforms-20-field_1-container\" class=\"wpforms-field wpforms-field-name\" data-field-id=\"1\"><label class=\"wpforms-field-label\" for=\"wpforms-20-field_1\">Imi\u0119 <span class=\"wpforms-required-label\" aria-hidden=\"true\">*<\/span><\/label><input type=\"text\" id=\"wpforms-20-field_1\" class=\"wpforms-field-medium wpforms-field-required\" name=\"wpforms[fields][1]\" aria-errormessage=\"wpforms-20-field_1-error\" aria-describedby=\"wpforms-20-field_1-description\" required><div id=\"wpforms-20-field_1-description\" class=\"wpforms-field-description\">Mi\u0142o nam Ci\u0119 pozna\u0107<\/div><\/div><div id=\"wpforms-20-field_2-container\" class=\"wpforms-field wpforms-field-email\" data-field-id=\"2\"><label class=\"wpforms-field-label\" for=\"wpforms-20-field_2\">Adres e-mail <span class=\"wpforms-required-label\" aria-hidden=\"true\">*<\/span><\/label><input type=\"email\" id=\"wpforms-20-field_2\" class=\"wpforms-field-medium wpforms-field-required\" name=\"wpforms[fields][2]\" spellcheck=\"false\" aria-errormessage=\"wpforms-20-field_2-error\" aria-describedby=\"wpforms-20-field_2-description\" required><div id=\"wpforms-20-field_2-description\" class=\"wpforms-field-description\"> Podaj sw\u00f3j adres email, aby\u015bmy mogli odpowiedzie\u0107 na wiadomo\u015b\u0107<\/div><\/div><div id=\"wpforms-20-field_3-container\" class=\"wpforms-field wpforms-field-textarea\" data-field-id=\"3\"><label class=\"wpforms-field-label\" for=\"wpforms-20-field_3\">Wiadomo\u015b\u0107 <span class=\"wpforms-required-label\" aria-hidden=\"true\">*<\/span><\/label><textarea id=\"wpforms-20-field_3\" class=\"wpforms-field-small wpforms-field-required\" name=\"wpforms[fields][3]\" placeholder=\"W czym mo\u017cemy pom\u00f3c?\" aria-errormessage=\"wpforms-20-field_3-error\" required><\/textarea><\/div><script>\n\t\t\t\t( function() {\n\t\t\t\t\tconst style = document.createElement( 'style' );\n\t\t\t\t\tstyle.appendChild( document.createTextNode( '#wpforms-20-field_4-container { position: absolute !important; overflow: hidden !important; display: inline !important; height: 1px !important; width: 1px !important; z-index: -1000 !important; padding: 0 !important; } #wpforms-20-field_4-container input { visibility: hidden; } #wpforms-conversational-form-page #wpforms-20-field_4-container label { counter-increment: none; }' ) );\n\t\t\t\t\tdocument.head.appendChild( style );\n\t\t\t\t\tdocument.currentScript?.remove();\n\t\t\t\t} )();\n\t\t\t<\/script><\/div><!-- .wpforms-field-container --><div class=\"wpforms-submit-container\" ><input type=\"hidden\" name=\"wpforms[id]\" value=\"20\"><input type=\"hidden\" name=\"page_title\" value=\"\"><input type=\"hidden\" name=\"page_url\" value=\"https:\/\/trendeuropa.eu\/index.php?rest_route=\/wp\/v2\/pages\/9\"><input type=\"hidden\" name=\"url_referer\" value=\"\"><button type=\"submit\" name=\"wpforms[submit]\" id=\"wpforms-submit-20\" class=\"wpforms-submit\" data-alt-text=\"Wysy\u0142anie...\" data-submit-text=\"Prze\u015blij\" aria-live=\"assertive\" value=\"wpforms-submit\">Prze\u015blij<\/button><img loading=\"lazy\" decoding=\"async\" src=\"https:\/\/trendeuropa.eu\/wp-content\/plugins\/wpforms-lite\/assets\/images\/submit-spin.svg\" class=\"wpforms-submit-spinner\" style=\"display: none;\" width=\"26\" height=\"26\" alt=\"Loading\"><\/div><\/form><\/div>  <!-- .wpforms-container -->\n<\/div>\n\n\n\n<blockquote class=\"wp-block-quote is-layout-flow wp-block-quote-is-layout-flow\">\n<p>Fundacja Trend Europa<br>KRS: 0000809033<br>NIP: 7792510216<br>REGON: 384639693<br>ul. G\u0142ogowska 31\/33<br>60-702 Pozna\u0144<\/p>\n<\/blockquote>\n<\/div>\n\n\n\n<p><\/p>\n","protected":false},"excerpt":{"rendered":"<p>Masz pytania? Fundacja Trend EuropaKRS: 0000809033NIP: 7792510216REGON: 384639693ul. G\u0142ogowska 31\/3360-702 Pozna\u0144<\/p>\n","protected":false},"author":1,"featured_media":0,"parent":0,"menu_order":0,"comment_status":"closed","ping_status":"closed","template":"","meta":{"footnotes":""},"class_list":["post-9","page","type-page","status-publish","hentry"],"_links":{"self":[{"href":"https:\/\/trendeuropa.eu\/index.php?rest_route=\/wp\/v2\/pages\/9","targetHints":{"allow":["GET"]}}],"collection":[{"href":"https:\/\/trendeuropa.eu\/index.php?rest_route=\/wp\/v2\/pages"}],"about":[{"href":"https:\/\/trendeuropa.eu\/index.php?rest_route=\/wp\/v2\/types\/page"}],"author":[{"embeddable":true,"href":"https:\/\/trendeuropa.eu\/index.php?rest_route=\/wp\/v2\/users\/1"}],"replies":[{"embeddable":true,"href":"https:\/\/trendeuropa.eu\/index.php?rest_route=%2Fwp%2Fv2%2Fcomments&post=9"}],"version-history":[{"count":8,"href":"https:\/\/trendeuropa.eu\/index.php?rest_route=\/wp\/v2\/pages\/9\/revisions"}],"predecessor-version":[{"id":25,"href":"https:\/\/trendeuropa.eu\/index.php?rest_route=\/wp\/v2\/pages\/9\/revisions\/25"}],"wp:attachment":[{"href":"https:\/\/trendeuropa.eu\/index.php?rest_route=%2Fwp%2Fv2%2Fmedia&parent=9"}],"curies":[{"name":"wp","href":"https:\/\/api.w.org\/{rel}","templated":true}]}}